{"id":1026,"date":"2022-09-09T09:23:17","date_gmt":"2022-09-09T07:23:17","guid":{"rendered":"https:\/\/lanterna-zagreb.com\/vina\/"},"modified":"2024-05-01T07:32:25","modified_gmt":"2024-05-01T05:32:25","slug":"wine-list","status":"publish","type":"page","link":"https:\/\/lanterna-zagreb.com\/en\/wine-list\/","title":{"rendered":"Wine list"},"content":{"rendered":"<section class=\"wpb-content-wrapper\"><p>[vc_row full_width=&#8221;stretch_row&#8221; css=&#8221;.vc_custom_1665664368418{background-image: url(https:\/\/lanterna-zagreb.com\/wp-content\/uploads\/2022\/10\/18016484.png?id=680) !important;background-position: center !important;background-repeat: no-repeat !important;background-size: cover !important;}&#8221;][vc_column]<div class=\"cz_gap clr  hide_on_tablet hide_on_mobile\" style=\"height: 75px\"><\/div><div class=\"cz_gap show_on_tablet clr  show_only_tablet\" style=\"height: 55px\"><\/div><div class=\"cz_gap show_on_mobile clr\" style=\"height: 35px\"><\/div><div id=\"cz_35025\" class=\"cz_35025 cz_tabs clr cz_tabs_htc food_menu\"><div class=\"cz_tabs_content\"><a class=\"cz_tab_a hide\" data-tab=\"cz_82630\" href=\"#\"><span class=\"cz_tab_in_title\">Organic wines<\/span><\/a><div id=\"cz_82630\" class=\"cz_tab\"><div><div class=\"cz_gap clr  hide_on_tablet hide_on_mobile\" style=\"height: 55px\"><\/div><div class=\"cz_gap show_on_tablet clr  show_only_tablet\" style=\"height: 35px\"><\/div><div class=\"cz_gap show_on_mobile clr\" style=\"height: 35px\"><\/div><div id=\"cz_106000\" class=\"cz_106000 cz_title clr cz_title_pos_center tac\"><div class=\"cz_title_content\"><div class=\"cz_wpe_content\"><h2 style=\"text-align: center;\">Organic wines<\/h2>\n<\/div><\/div><\/div>[vc_row_inner css=&#8221;.vc_custom_1663842318886{padding-top: 35px !important;padding-right: 35px !important;padding-bottom: 35px !important;padding-left: 35px !important;}&#8221;][vc_column_inner]<div id=\"cz_39044\" class=\"cz_39044 cz_wh\"><div class=\"mb10 last0 clr\"><div class=\"clr\"><span class=\"cz_wh_left\"><b>Kabola Amfora Teran 0,75 l<\/b><\/span><\/div><div class=\"cz_wh_line\"><\/div><\/div><div class=\"mb10 last0 clr\"><div class=\"clr\"><span class=\"cz_wh_left\"><b>Macerator Gali\u0107 0,75 l<\/b><\/span><\/div><div class=\"cz_wh_line\"><\/div><\/div><\/div>[\/vc_column_inner][\/vc_row_inner]<\/div><\/div><a class=\"cz_tab_a hide\" data-tab=\"cz_28864\" href=\"#\"><span class=\"cz_tab_in_title\">Dessert wines<\/span><\/a><div id=\"cz_28864\" class=\"cz_tab\"><div><div class=\"cz_gap clr  hide_on_tablet hide_on_mobile\" style=\"height: 55px\"><\/div><div class=\"cz_gap show_on_tablet clr  show_only_tablet\" style=\"height: 35px\"><\/div><div class=\"cz_gap show_on_mobile clr\" style=\"height: 35px\"><\/div><div id=\"cz_25527\" class=\"cz_25527 cz_title clr cz_title_pos_center tac\"><div class=\"cz_title_content\"><div class=\"cz_wpe_content\"><h2 style=\"text-align: center;\">Dessert wines<\/h2>\n<\/div><\/div><\/div>[vc_row_inner css=&#8221;.vc_custom_1663842313092{padding-top: 35px !important;padding-right: 35px !important;padding-bottom: 35px !important;padding-left: 35px !important;}&#8221;][vc_column_inner]<div id=\"cz_57012\" class=\"cz_57012 cz_wh\"><div class=\"mb10 last0 clr\"><div class=\"clr\"><span class=\"cz_wh_left\"><b>Traminac Kasna berba 0,5l <\/b><\/span><\/div><div class=\"cz_wh_line\"><\/div><\/div><div class=\"mb10 last0 clr\"><div class=\"clr\"><span class=\"cz_wh_left\"><b>Degara Bomary <\/b><\/span><\/div><div class=\"cz_wh_line\"><\/div><\/div><div class=\"mb10 last0 clr\"><div class=\"clr\"><span class=\"cz_wh_left\"><b>Hektorovich Pro\u0161ek<\/b><\/span><\/div><div class=\"cz_wh_line\"><\/div><\/div><\/div>[\/vc_column_inner][\/vc_row_inner]<\/div><\/div><a class=\"cz_tab_a hide\" data-tab=\"cz_66972\" href=\"#\"><span class=\"cz_tab_in_title\">Sparkling wines<\/span><\/a><div id=\"cz_66972\" class=\"cz_tab\"><div><div class=\"cz_gap clr  hide_on_tablet hide_on_mobile\" style=\"height: 55px\"><\/div><div class=\"cz_gap show_on_tablet clr  show_only_tablet\" style=\"height: 35px\"><\/div><div class=\"cz_gap show_on_mobile clr\" style=\"height: 35px\"><\/div><div id=\"cz_52273\" class=\"cz_52273 cz_title clr cz_title_pos_center tac\"><div class=\"cz_title_content\"><div class=\"cz_wpe_content\"><h2 style=\"text-align: center;\">Sparkling wines<\/h2>\n<\/div><\/div><\/div>[vc_row_inner css=&#8221;.vc_custom_1663842308644{padding-top: 35px !important;padding-right: 35px !important;padding-bottom: 35px !important;padding-left: 35px !important;}&#8221;][vc_column_inner]<div id=\"cz_106416\" class=\"cz_106416 cz_wh\"><div class=\"mb10 last0 clr\"><div class=\"clr\"><span class=\"cz_wh_left\"><b>Kos Rosula <\/b><\/span><\/div><div class=\"cz_wh_line\"><\/div><\/div><div class=\"mb10 last0 clr\"><div class=\"clr\"><span class=\"cz_wh_left\"><b>Jaguni\u0107 Three Stars Brut <\/b><\/span><\/div><div class=\"cz_wh_line\"><\/div><\/div><div class=\"mb10 last0 clr\"><div class=\"clr\"><span class=\"cz_wh_left\"><b>Ko\u0161\u0107ak, blan de noir <\/b><\/span><\/div><div class=\"cz_wh_line\"><\/div><\/div><\/div>[\/vc_column_inner][\/vc_row_inner]<\/div><\/div><a class=\"cz_tab_a hide\" data-tab=\"cz_43781\" href=\"#\"><span class=\"cz_tab_in_title\">Rose wines<\/span><\/a><div id=\"cz_43781\" class=\"cz_tab\"><div><div class=\"cz_gap clr  hide_on_tablet hide_on_mobile\" style=\"height: 55px\"><\/div><div class=\"cz_gap show_on_tablet clr  show_only_tablet\" style=\"height: 35px\"><\/div><div class=\"cz_gap show_on_mobile clr\" style=\"height: 35px\"><\/div><div id=\"cz_105457\" class=\"cz_105457 cz_title clr cz_title_pos_center tac\"><div class=\"cz_title_content\"><div class=\"cz_wpe_content\"><h2 style=\"text-align: center;\">Rose wines<\/h2>\n<\/div><\/div><\/div>[vc_row_inner css=&#8221;.vc_custom_1663842304072{padding-top: 35px !important;padding-right: 35px !important;padding-bottom: 35px !important;padding-left: 35px !important;}&#8221;][vc_column_inner]<div id=\"cz_41205\" class=\"cz_41205 cz_wh\"><div class=\"mb10 last0 clr\"><div class=\"clr\"><span class=\"cz_wh_left\"><b>Gali\u0107 Rose <\/b><\/span><\/div><div class=\"cz_wh_line\"><\/div><\/div><div class=\"mb10 last0 clr\"><div class=\"clr\"><span class=\"cz_wh_left\"><b>Sladi\u0107 La\u0161\u010dina Opol <\/b><\/span><\/div><div class=\"cz_wh_line\"><\/div><\/div><\/div>[\/vc_column_inner][\/vc_row_inner]<\/div><\/div><a class=\"cz_tab_a hide\" data-tab=\"cz_106267\" href=\"#\"><span class=\"cz_tab_in_title\">Red wines<\/span><\/a><div id=\"cz_106267\" class=\"cz_tab\"><div><div class=\"cz_gap clr  hide_on_tablet hide_on_mobile\" style=\"height: 55px\"><\/div><div class=\"cz_gap show_on_tablet clr  show_only_tablet\" style=\"height: 35px\"><\/div><div class=\"cz_gap show_on_mobile clr\" style=\"height: 35px\"><\/div><div id=\"cz_39862\" class=\"cz_39862 cz_title clr cz_title_pos_center tac\"><div class=\"cz_title_content\"><div class=\"cz_wpe_content\"><h2 style=\"text-align: center;\">Red wines<\/h2>\n<\/div><\/div><\/div>[vc_row_inner css=&#8221;.vc_custom_1663841605610{padding-top: 35px !important;padding-right: 35px !important;padding-bottom: 35px !important;padding-left: 35px !important;}&#8221;][vc_column_inner]<div id=\"cz_16953\" class=\"cz_16953 cz_wh\"><div class=\"mb10 last0 clr\"><div class=\"clr\"><span class=\"cz_wh_left\"><b>Gran Teran Coronica <\/b><span class=\"cz_wh_sub\">Istria<\/span><\/span><\/div><div class=\"cz_wh_line\"><\/div><\/div><div class=\"mb10 last0 clr\"><div class=\"clr\"><span class=\"cz_wh_left\"><b>Tomaz Nera Malvazija <\/b><span class=\"cz_wh_sub\">Istria<\/span><\/span><\/div><div class=\"cz_wh_line\"><\/div><\/div><div class=\"mb10 last0 clr\"><div class=\"clr\"><span class=\"cz_wh_left\"><b>Benvenuti Teran Livio <\/b><span class=\"cz_wh_sub\">Istria<\/span><\/span><\/div><div class=\"cz_wh_line\"><\/div><\/div><div class=\"mb10 last0 clr\"><div class=\"clr\"><span class=\"cz_wh_left\"><b>Testament Babi\u0107 <\/b><span class=\"cz_wh_sub\">Central and South Dalmatia<\/span><\/span><\/div><div class=\"cz_wh_line\"><\/div><\/div><div class=\"mb10 last0 clr\"><div class=\"clr\"><span class=\"cz_wh_left\"><b>Stina Majstor Barrique <\/b><span class=\"cz_wh_sub\">Central and South Dalmatia<\/span><\/span><\/div><div class=\"cz_wh_line\"><\/div><\/div><div class=\"mb10 last0 clr\"><div class=\"clr\"><span class=\"cz_wh_left\"><b>Dubrova\u010dki podrumi Grand Reserva Merlot <\/b><span class=\"cz_wh_sub\">Central and South Dalmatia<\/span><\/span><\/div><div class=\"cz_wh_line\"><\/div><\/div><div class=\"mb10 last0 clr\"><div class=\"clr\"><span class=\"cz_wh_left\"><b>St. Hills Roko <\/b><span class=\"cz_wh_sub\">Central and South Dalmatia<\/span><\/span><\/div><div class=\"cz_wh_line\"><\/div><\/div><div class=\"mb10 last0 clr\"><div class=\"clr\"><span class=\"cz_wh_left\"><b>Matkovi\u0107 Plavac barrique\u00a0<\/b><span class=\"cz_wh_sub\">Central and South Dalmatia<\/span><\/span><\/div><div class=\"cz_wh_line\"><\/div><\/div><div class=\"mb10 last0 clr\"><div class=\"clr\"><span class=\"cz_wh_left\"><b>Korta Katarina Rubens <\/b><span class=\"cz_wh_sub\">Central and South Dalmatia<\/span><\/span><\/div><div class=\"cz_wh_line\"><\/div><\/div><div class=\"mb10 last0 clr\"><div class=\"clr\"><span class=\"cz_wh_left\"><b>Dubrova\u010dki podrumi Syrah <\/b><span class=\"cz_wh_sub\">Central and South Dalmatia<\/span><\/span><\/div><div class=\"cz_wh_line\"><\/div><\/div><div class=\"mb10 last0 clr\"><div class=\"clr\"><span class=\"cz_wh_left\"><b>Skaramuca Dinga\u010d Elegance <\/b><span class=\"cz_wh_sub\">Central and South Dalmatia<\/span><\/span><\/div><div class=\"cz_wh_line\"><\/div><\/div><div class=\"mb10 last0 clr\"><div class=\"clr\"><span class=\"cz_wh_left\"><b>Matela Ka\u0161telanski Crljenjak\u00a0<\/b><span class=\"cz_wh_sub\">Central and South Dalmatia<\/span><\/span><\/div><div class=\"cz_wh_line\"><\/div><\/div><div class=\"mb10 last0 clr\"><div class=\"clr\"><span class=\"cz_wh_left\"><b>Kos Pinot crni <\/b><span class=\"cz_wh_sub\">Slavonia and Zagorje<\/span><\/span><\/div><div class=\"cz_wh_line\"><\/div><\/div><div class=\"mb10 last0 clr\"><div class=\"clr\"><span class=\"cz_wh_left\"><b>Josi\u0107 Cuvee <\/b><span class=\"cz_wh_sub\">Slavonia and Zagorje<\/span><\/span><\/div><div class=\"cz_wh_line\"><\/div><\/div><div class=\"mb10 last0 clr\"><div class=\"clr\"><span class=\"cz_wh_left\"><b>Gali\u0107 Crno 9 <\/b><span class=\"cz_wh_sub\">Slavonia and Zagorje<\/span><\/span><\/div><div class=\"cz_wh_line\"><\/div><\/div><div class=\"mb10 last0 clr\"><div class=\"clr\"><span class=\"cz_wh_left\"><b>Ego Gali\u0107 Fjaka <\/b><span class=\"cz_wh_sub\">Slavonia and Zagorje<\/span><\/span><\/div><div class=\"cz_wh_line\"><\/div><\/div><\/div>[\/vc_column_inner][\/vc_row_inner]<\/div><\/div><a class=\"cz_tab_a hide\" data-tab=\"cz_15031\" href=\"#\"><span class=\"cz_tab_in_title\">White wines<\/span><\/a><div id=\"cz_15031\" class=\"cz_tab\"><div><div class=\"cz_gap clr  hide_on_tablet hide_on_mobile\" style=\"height: 55px\"><\/div><div class=\"cz_gap show_on_tablet clr  show_only_tablet\" style=\"height: 35px\"><\/div><div class=\"cz_gap show_on_mobile clr\" style=\"height: 35px\"><\/div><div id=\"cz_97367\" class=\"cz_97367 cz_title clr cz_title_pos_center tac\"><div class=\"cz_title_content\"><div class=\"cz_wpe_content\"><h2 style=\"text-align: center;\">White wines<\/h2>\n<\/div><\/div><\/div>[vc_row_inner css=&#8221;.vc_custom_1663841453488{padding-top: 35px !important;padding-right: 35px !important;padding-bottom: 35px !important;padding-left: 35px !important;}&#8221;][vc_column_inner]<div id=\"cz_30766\" class=\"cz_30766 cz_wh\"><div class=\"mb10 last0 clr\"><div class=\"clr\"><span class=\"cz_wh_left\"><b>\u017dlahtina \u0160ipun <\/b><span class=\"cz_wh_sub\">Croatian Coastline<\/span><\/span><\/div><div class=\"cz_wh_line\"><\/div><\/div><div class=\"mb10 last0 clr\"><div class=\"clr\"><span class=\"cz_wh_left\"><b>Coronica Gran Malvazija <\/b><span class=\"cz_wh_sub\">Istria<\/span><\/span><\/div><div class=\"cz_wh_line\"><\/div><\/div><div class=\"mb10 last0 clr\"><div class=\"clr\"><span class=\"cz_wh_left\"><b>Benvenuti Malvazija <\/b><span class=\"cz_wh_sub\">Istria<\/span><\/span><\/div><div class=\"cz_wh_line\"><\/div><\/div><div class=\"mb10 last0 clr\"><div class=\"clr\"><span class=\"cz_wh_left\"><b>Chardonnay La Chiffre St.Hills<\/b><span class=\"cz_wh_sub\">Istria<\/span><\/span><\/div><div class=\"cz_wh_line\"><\/div><\/div><div class=\"mb10 last0 clr\"><div class=\"clr\"><span class=\"cz_wh_left\"><b>Po\u0161ip - \u017deljko Pecoti\u0107 <\/b><span class=\"cz_wh_sub\">Dalmatia<\/span><\/span><\/div><div class=\"cz_wh_line\"><\/div><\/div><div class=\"mb10 last0 clr\"><div class=\"clr\"><span class=\"cz_wh_left\"><b>Vugava - Stina  <\/b><span class=\"cz_wh_sub\">Dalmatia<\/span><\/span><\/div><div class=\"cz_wh_line\"><\/div><\/div><div class=\"mb10 last0 clr\"><div class=\"clr\"><span class=\"cz_wh_left\"><b>Mara\u0161tina Sladi\u0107 <\/b><span class=\"cz_wh_sub\">Dalmatia<\/span><\/span><\/div><div class=\"cz_wh_line\"><\/div><\/div><div class=\"mb10 last0 clr\"><div class=\"clr\"><span class=\"cz_wh_left\"><b>Plan\u010di\u0107 Ager Reserva <\/b><span class=\"cz_wh_sub\">Dalmatia<\/span><\/span><\/div><div class=\"cz_wh_line\"><\/div><\/div><div class=\"mb10 last0 clr\"><div class=\"clr\"><span class=\"cz_wh_left\"><b>Kri\u017e Grk<\/b><span class=\"cz_wh_sub\">Dalmatia<\/span><\/span><\/div><div class=\"cz_wh_line\"><\/div><\/div><div class=\"mb10 last0 clr\"><div class=\"clr\"><span class=\"cz_wh_left\"><b>Coletti Pinot Sivi<\/b><span class=\"cz_wh_sub\">Ple\u0161evica<\/span><\/span><\/div><div class=\"cz_wh_line\"><\/div><\/div><div class=\"mb10 last0 clr\"><div class=\"clr\"><span class=\"cz_wh_left\"><b>\u0160ember Chardonnay <\/b><span class=\"cz_wh_sub\">Ple\u0161evica<\/span><\/span><\/div><div class=\"cz_wh_line\"><\/div><\/div><div class=\"mb10 last0 clr\"><div class=\"clr\"><span class=\"cz_wh_left\"><b>Puhelek Sauvignon <\/b><span class=\"cz_wh_sub\">Me\u0111imurje - Hrvatsko Zagorje<\/span><\/span><\/div><div class=\"cz_wh_line\"><\/div><\/div><div class=\"mb10 last0 clr\"><div class=\"clr\"><span class=\"cz_wh_left\"><b>Kos Kraljevina <\/b><span class=\"cz_wh_sub\">Me\u0111imurje - Hrvatsko Zagorje<\/span><\/span><\/div><div class=\"cz_wh_line\"><\/div><\/div><div class=\"mb10 last0 clr\"><div class=\"clr\"><span class=\"cz_wh_left\"><b>Kos Rajnski Rizling <\/b><span class=\"cz_wh_sub\">Me\u0111imurje - Hrvatsko Zagorje<\/span><\/span><\/div><div class=\"cz_wh_line\"><\/div><\/div><div class=\"mb10 last0 clr\"><div class=\"clr\"><span class=\"cz_wh_left\"><b>Ko\u0161uti\u0107 \u0160krlet <\/b><span class=\"cz_wh_sub\">Me\u0111imurje - Hrvatsko Zagorje<\/span><\/span><\/div><div class=\"cz_wh_line\"><\/div><\/div><div class=\"mb10 last0 clr\"><div class=\"clr\"><span class=\"cz_wh_left\"><b>Velika Berba Gra\u0161evina - Ilo\u010dki Podrumi <\/b><span class=\"cz_wh_sub\">Slavonia<\/span><\/span><\/div><div class=\"cz_wh_line\"><\/div><\/div><div class=\"mb10 last0 clr\"><div class=\"clr\"><span class=\"cz_wh_left\"><b>Principovac Traminac - Ilo\u010dki Podrumi <\/b><span class=\"cz_wh_sub\">Slavonia<\/span><\/span><\/div><div class=\"cz_wh_line\"><\/div><\/div><div class=\"mb10 last0 clr\"><div class=\"clr\"><span class=\"cz_wh_left\"><b>Traminac Vrh. - Ilo\u010dki Podrumi <\/b><span class=\"cz_wh_sub\">Slavonia<\/span><\/span><\/div><div class=\"cz_wh_line\"><\/div><\/div><div class=\"mb10 last0 clr\"><div class=\"clr\"><span class=\"cz_wh_left\"><b>Gali\u0107 Sauvignon <\/b><span class=\"cz_wh_sub\">Slavonia<\/span><\/span><\/div><div class=\"cz_wh_line\"><\/div><\/div><div class=\"mb10 last0 clr\"><div class=\"clr\"><span class=\"cz_wh_left\"><b>Gali\u0107 Gra\u0161evina <\/b><span class=\"cz_wh_sub\">Slavonia<\/span><\/span><\/div><div class=\"cz_wh_line\"><\/div><\/div><div class=\"mb10 last0 clr\"><div class=\"clr\"><span class=\"cz_wh_left\"><b>Krauthaker Rosenberg Chardonnay <\/b><span class=\"cz_wh_sub\">Slavonia<\/span><\/span><\/div><div class=\"cz_wh_line\"><\/div><\/div><div class=\"mb10 last0 clr\"><div class=\"clr\"><span class=\"cz_wh_left\"><b>Krauthaker Gra\u0161evina Mitrovac\u00a0<\/b><span class=\"cz_wh_sub\">Slavonia<\/span><\/span><\/div><div class=\"cz_wh_line\"><\/div><\/div><\/div>[\/vc_column_inner][\/vc_row_inner]<\/div><\/div><\/div><\/div><div class=\"cz_gap clr  hide_on_tablet hide_on_mobile\" style=\"height: 75px\"><\/div><div class=\"cz_gap show_on_tablet clr  show_only_tablet\" style=\"height: 55px\"><\/div><div class=\"cz_gap show_on_mobile clr\" style=\"height: 35px\"><\/div>[\/vc_column][\/vc_row][vc_row full_width=&#8221;stretch_row_content_no_spaces&#8221;][vc_column][vc_column_text]<\/p>\n<h2 style=\"text-align: center;\"><span style=\"color: #ffffff;\">A place where food and wine meet in perfect harmony.<\/span><\/h2>\n<p>[\/vc_column_text]<div id=\"cz_69789\" data-position=\"top-right\" class=\"cz_69789 cz_image clr cz_image_no_fx center_on_mobile\"><div class=\"\" ><div class=\"cz_image_in\"><div class=\"cz_main_image\"><img loading=\"lazy\" decoding=\"async\" width=\"1920\" height=\"300\" src=\"https:\/\/lanterna-zagreb.com\/wp-content\/uploads\/2022\/09\/menu-jelovnika-1.png\" class=\"attachment-full\" alt=\"\" title=\"menu-jelovnika\" srcset=\"https:\/\/lanterna-zagreb.com\/wp-content\/uploads\/2022\/09\/menu-jelovnika-1.png 1920w, https:\/\/lanterna-zagreb.com\/wp-content\/uploads\/2022\/09\/menu-jelovnika-1-300x47.png 300w, https:\/\/lanterna-zagreb.com\/wp-content\/uploads\/2022\/09\/menu-jelovnika-1-1024x160.png 1024w, https:\/\/lanterna-zagreb.com\/wp-content\/uploads\/2022\/09\/menu-jelovnika-1-768x120.png 768w, https:\/\/lanterna-zagreb.com\/wp-content\/uploads\/2022\/09\/menu-jelovnika-1-1536x240.png 1536w, https:\/\/lanterna-zagreb.com\/wp-content\/uploads\/2022\/09\/menu-jelovnika-1-600x94.png 600w\" sizes=\"auto, (max-width: 1920px) 100vw, 1920px\" \/><\/div><\/div><\/div><\/div>[\/vc_column][\/vc_row]<\/p>\n<\/section>","protected":false},"excerpt":{"rendered":"<p>[vc_row full_width=&#8221;stretch_row&#8221; css=&#8221;.vc_custom_1665664368418{background-image: url(https:\/\/lanterna-zagreb.com\/wp-content\/uploads\/2022\/10\/18016484.png?id=680) !important;background-position: center !important;background-repeat: no-repeat !important;background-size: cover !important;}&#8221;][vc_column][\/vc_column][\/vc_row][vc_row &#8230; <\/p>\n","protected":false},"author":1,"featured_media":0,"parent":0,"menu_order":0,"comment_status":"closed","ping_status":"closed","template":"","meta":{"footnotes":""},"class_list":["post-1026","page","type-page","status-publish","hentry"],"yoast_head":"<!-- This site is optimized with the Yoast SEO plugin v26.8 - https:\/\/yoast.com\/product\/yoast-seo-wordpress\/ -->\n<title>Wine list - Lanterna na Dolcu<\/title>\n<meta name=\"robots\" content=\"index, follow, max-snippet:-1, max-image-preview:large, max-video-preview:-1\" \/>\n<link rel=\"canonical\" href=\"https:\/\/lanterna-zagreb.com\/en\/wine-list\/\" \/>\n<meta property=\"og:locale\" content=\"en_US\" \/>\n<meta property=\"og:type\" content=\"article\" \/>\n<meta property=\"og:title\" content=\"Wine list - Lanterna na Dolcu\" \/>\n<meta property=\"og:description\" content=\"[vc_row full_width=&#8221;stretch_row&#8221; css=&#8221;.vc_custom_1665664368418{background-image: url(https:\/\/lanterna-zagreb.com\/wp-content\/uploads\/2022\/10\/18016484.png?id=680) !important;background-position: center !important;background-repeat: no-repeat !important;background-size: cover !important;}&#8221;][vc_column][\/vc_column][\/vc_row][vc_row ...\" \/>\n<meta property=\"og:url\" content=\"https:\/\/lanterna-zagreb.com\/en\/wine-list\/\" \/>\n<meta property=\"og:site_name\" content=\"Lanterna na Dolcu\" \/>\n<meta property=\"article:publisher\" content=\"https:\/\/www.facebook.com\/LanternaZagreb\" \/>\n<meta property=\"article:modified_time\" content=\"2024-05-01T05:32:25+00:00\" \/>\n<meta name=\"twitter:card\" content=\"summary_large_image\" \/>\n<meta name=\"twitter:label1\" content=\"Est. reading time\" \/>\n\t<meta name=\"twitter:data1\" content=\"7 minutes\" \/>\n<script type=\"application\/ld+json\" class=\"yoast-schema-graph\">{\"@context\":\"https:\/\/schema.org\",\"@graph\":[{\"@type\":\"WebPage\",\"@id\":\"https:\/\/lanterna-zagreb.com\/en\/wine-list\/\",\"url\":\"https:\/\/lanterna-zagreb.com\/en\/wine-list\/\",\"name\":\"Wine list - Lanterna na Dolcu\",\"isPartOf\":{\"@id\":\"https:\/\/lanterna-zagreb.com\/#website\"},\"datePublished\":\"2022-09-09T07:23:17+00:00\",\"dateModified\":\"2024-05-01T05:32:25+00:00\",\"breadcrumb\":{\"@id\":\"https:\/\/lanterna-zagreb.com\/en\/wine-list\/#breadcrumb\"},\"inLanguage\":\"en-US\",\"potentialAction\":[{\"@type\":\"ReadAction\",\"target\":[\"https:\/\/lanterna-zagreb.com\/en\/wine-list\/\"]}]},{\"@type\":\"BreadcrumbList\",\"@id\":\"https:\/\/lanterna-zagreb.com\/en\/wine-list\/#breadcrumb\",\"itemListElement\":[{\"@type\":\"ListItem\",\"position\":1,\"name\":\"Home\",\"item\":\"https:\/\/lanterna-zagreb.com\/\"},{\"@type\":\"ListItem\",\"position\":2,\"name\":\"Wine list\"}]},{\"@type\":\"WebSite\",\"@id\":\"https:\/\/lanterna-zagreb.com\/#website\",\"url\":\"https:\/\/lanterna-zagreb.com\/\",\"name\":\"Lanterna na Dolcu\",\"description\":\"Opatovina 31, Zagreb\",\"publisher\":{\"@id\":\"https:\/\/lanterna-zagreb.com\/#organization\"},\"potentialAction\":[{\"@type\":\"SearchAction\",\"target\":{\"@type\":\"EntryPoint\",\"urlTemplate\":\"https:\/\/lanterna-zagreb.com\/?s={search_term_string}\"},\"query-input\":{\"@type\":\"PropertyValueSpecification\",\"valueRequired\":true,\"valueName\":\"search_term_string\"}}],\"inLanguage\":\"en-US\"},{\"@type\":\"Organization\",\"@id\":\"https:\/\/lanterna-zagreb.com\/#organization\",\"name\":\"Lanterna na Dolcu\",\"url\":\"https:\/\/lanterna-zagreb.com\/\",\"logo\":{\"@type\":\"ImageObject\",\"inLanguage\":\"en-US\",\"@id\":\"https:\/\/lanterna-zagreb.com\/#\/schema\/logo\/image\/\",\"url\":\"https:\/\/lanterna-zagreb.com\/wp-content\/uploads\/2022\/09\/lanterna-demo-lampa..png\",\"contentUrl\":\"https:\/\/lanterna-zagreb.com\/wp-content\/uploads\/2022\/09\/lanterna-demo-lampa..png\",\"width\":150,\"height\":259,\"caption\":\"Lanterna na Dolcu\"},\"image\":{\"@id\":\"https:\/\/lanterna-zagreb.com\/#\/schema\/logo\/image\/\"},\"sameAs\":[\"https:\/\/www.facebook.com\/LanternaZagreb\",\"https:\/\/www.instagram.com\/lanternazagreb\/\"]}]}<\/script>\n<!-- \/ Yoast SEO plugin. -->","yoast_head_json":{"title":"Wine list - Lanterna na Dolcu","robots":{"index":"index","follow":"follow","max-snippet":"max-snippet:-1","max-image-preview":"max-image-preview:large","max-video-preview":"max-video-preview:-1"},"canonical":"https:\/\/lanterna-zagreb.com\/en\/wine-list\/","og_locale":"en_US","og_type":"article","og_title":"Wine list - Lanterna na Dolcu","og_description":"[vc_row full_width=&#8221;stretch_row&#8221; css=&#8221;.vc_custom_1665664368418{background-image: url(https:\/\/lanterna-zagreb.com\/wp-content\/uploads\/2022\/10\/18016484.png?id=680) !important;background-position: center !important;background-repeat: no-repeat !important;background-size: cover !important;}&#8221;][vc_column][\/vc_column][\/vc_row][vc_row ...","og_url":"https:\/\/lanterna-zagreb.com\/en\/wine-list\/","og_site_name":"Lanterna na Dolcu","article_publisher":"https:\/\/www.facebook.com\/LanternaZagreb","article_modified_time":"2024-05-01T05:32:25+00:00","twitter_card":"summary_large_image","twitter_misc":{"Est. reading time":"7 minutes"},"schema":{"@context":"https:\/\/schema.org","@graph":[{"@type":"WebPage","@id":"https:\/\/lanterna-zagreb.com\/en\/wine-list\/","url":"https:\/\/lanterna-zagreb.com\/en\/wine-list\/","name":"Wine list - Lanterna na Dolcu","isPartOf":{"@id":"https:\/\/lanterna-zagreb.com\/#website"},"datePublished":"2022-09-09T07:23:17+00:00","dateModified":"2024-05-01T05:32:25+00:00","breadcrumb":{"@id":"https:\/\/lanterna-zagreb.com\/en\/wine-list\/#breadcrumb"},"inLanguage":"en-US","potentialAction":[{"@type":"ReadAction","target":["https:\/\/lanterna-zagreb.com\/en\/wine-list\/"]}]},{"@type":"BreadcrumbList","@id":"https:\/\/lanterna-zagreb.com\/en\/wine-list\/#breadcrumb","itemListElement":[{"@type":"ListItem","position":1,"name":"Home","item":"https:\/\/lanterna-zagreb.com\/"},{"@type":"ListItem","position":2,"name":"Wine list"}]},{"@type":"WebSite","@id":"https:\/\/lanterna-zagreb.com\/#website","url":"https:\/\/lanterna-zagreb.com\/","name":"Lanterna na Dolcu","description":"Opatovina 31, Zagreb","publisher":{"@id":"https:\/\/lanterna-zagreb.com\/#organization"},"potentialAction":[{"@type":"SearchAction","target":{"@type":"EntryPoint","urlTemplate":"https:\/\/lanterna-zagreb.com\/?s={search_term_string}"},"query-input":{"@type":"PropertyValueSpecification","valueRequired":true,"valueName":"search_term_string"}}],"inLanguage":"en-US"},{"@type":"Organization","@id":"https:\/\/lanterna-zagreb.com\/#organization","name":"Lanterna na Dolcu","url":"https:\/\/lanterna-zagreb.com\/","logo":{"@type":"ImageObject","inLanguage":"en-US","@id":"https:\/\/lanterna-zagreb.com\/#\/schema\/logo\/image\/","url":"https:\/\/lanterna-zagreb.com\/wp-content\/uploads\/2022\/09\/lanterna-demo-lampa..png","contentUrl":"https:\/\/lanterna-zagreb.com\/wp-content\/uploads\/2022\/09\/lanterna-demo-lampa..png","width":150,"height":259,"caption":"Lanterna na Dolcu"},"image":{"@id":"https:\/\/lanterna-zagreb.com\/#\/schema\/logo\/image\/"},"sameAs":["https:\/\/www.facebook.com\/LanternaZagreb","https:\/\/www.instagram.com\/lanternazagreb\/"]}]}},"_links":{"self":[{"href":"https:\/\/lanterna-zagreb.com\/en\/wp-json\/wp\/v2\/pages\/1026","targetHints":{"allow":["GET"]}}],"collection":[{"href":"https:\/\/lanterna-zagreb.com\/en\/wp-json\/wp\/v2\/pages"}],"about":[{"href":"https:\/\/lanterna-zagreb.com\/en\/wp-json\/wp\/v2\/types\/page"}],"author":[{"embeddable":true,"href":"https:\/\/lanterna-zagreb.com\/en\/wp-json\/wp\/v2\/users\/1"}],"replies":[{"embeddable":true,"href":"https:\/\/lanterna-zagreb.com\/en\/wp-json\/wp\/v2\/comments?post=1026"}],"version-history":[{"count":14,"href":"https:\/\/lanterna-zagreb.com\/en\/wp-json\/wp\/v2\/pages\/1026\/revisions"}],"predecessor-version":[{"id":1811,"href":"https:\/\/lanterna-zagreb.com\/en\/wp-json\/wp\/v2\/pages\/1026\/revisions\/1811"}],"wp:attachment":[{"href":"https:\/\/lanterna-zagreb.com\/en\/wp-json\/wp\/v2\/media?parent=1026"}],"curies":[{"name":"wp","href":"https:\/\/api.w.org\/{rel}","templated":true}]}}